{"id":91,"date":"2025-09-26T09:21:54","date_gmt":"2025-09-26T09:21:54","guid":{"rendered":"https:\/\/landing.lacledesalpes.com\/?page_id=91"},"modified":"2025-09-26T09:37:35","modified_gmt":"2025-09-26T09:37:35","slug":"nos-services","status":"publish","type":"page","link":"https:\/\/landing.lacledesalpes.com\/index.php\/nos-services\/","title":{"rendered":"Nos services"},"content":{"rendered":"\t\t<div data-elementor-type=\"wp-post\" data-elementor-id=\"91\" class=\"elementor elementor-91\">\n\t\t\t\t<div class=\"elementor-element elementor-element-74bcb9bb e-con-full e-flex e-con e-parent\" data-id=\"74bcb9bb\" data-element_type=\"container\" data-settings=\"{&quot;background_background&quot;:&quot;classic&quot;}\">\n\t\t<div class=\"elementor-element elementor-element-37285970 e-con-full e-flex e-con e-child\" data-id=\"37285970\" data-element_type=\"container\">\n\t\t\t\t<div class=\"elementor-element elementor-element-1a3a52ec elementor-widget elementor-widget-heading\" data-id=\"1a3a52ec\" data-element_type=\"widget\" data-widget_type=\"heading.default\">\n\t\t\t\t\t<h1 class=\"elementor-heading-title elementor-size-default\">La Cl\u00e9 des Alpes<\/h1>\t\t\t\t<\/div>\n\t\t\t\t<div class=\"elementor-element elementor-element-30224fea elementor-widget elementor-widget-text-editor\" data-id=\"30224fea\" data-element_type=\"widget\" data-widget_type=\"text-editor.default\">\n\t\t\t\t\t\t\t\t\t<p>Nos services au propri\u00e9taires de logement dans les Alpes<\/p>\t\t\t\t\t\t\t\t<\/div>\n\t\t\t\t<\/div>\n\t\t\t\t<\/div>\n\t\t<div class=\"elementor-element elementor-element-c472e7b e-con-full e-flex e-con e-parent\" data-id=\"c472e7b\" data-element_type=\"container\" id=\"next\">\n\t\t\t\t<div class=\"elementor-element elementor-element-57768759 elementor-widget elementor-widget-heading\" data-id=\"57768759\" data-element_type=\"widget\" data-widget_type=\"heading.default\">\n\t\t\t\t\t<h3 class=\"elementor-heading-title elementor-size-default\">Nos Services<\/h3>\t\t\t\t<\/div>\n\t\t\t\t<div class=\"elementor-element elementor-element-165c918c elementor-widget elementor-widget-heading\" data-id=\"165c918c\" data-element_type=\"widget\" data-widget_type=\"heading.default\">\n\t\t\t\t\t<p class=\"elementor-heading-title elementor-size-default\">Ce que nous faisons pour vous assurer une gestion de votre bien.<\/p>\t\t\t\t<\/div>\n\t\t<div class=\"elementor-element elementor-element-b87dd68 e-con-full e-flex e-con e-child\" data-id=\"b87dd68\" data-element_type=\"container\">\n\t\t<div class=\"elementor-element elementor-element-1560be20 e-con-full e-flex e-con e-child\" data-id=\"1560be20\" data-element_type=\"container\">\n\t\t\t\t<div class=\"elementor-element elementor-element-509a39ac elementor-position-left elementor-vertical-align-middle elementor-widget__width-initial elementor-widget elementor-widget-image-box\" data-id=\"509a39ac\" data-element_type=\"widget\" data-widget_type=\"image-box.default\">\n\t\t\t\t\t<div class=\"elementor-image-box-wrapper\"><figure class=\"elementor-image-box-img\"><a href=\"#\" tabindex=\"-1\"><img fetchpriority=\"high\" decoding=\"async\" width=\"300\" height=\"300\" src=\"https:\/\/landing.lacledesalpes.com\/wp-content\/uploads\/2025\/09\/helena-lopes-QpjyqYy5R-U-unsplash-scaled-e1758878928351-300x300.jpg\" class=\"elementor-animation-grow attachment-medium size-medium wp-image-97\" alt=\"Conciergerie propri\u00e9taire Les Alpes\" srcset=\"https:\/\/landing.lacledesalpes.com\/wp-content\/uploads\/2025\/09\/helena-lopes-QpjyqYy5R-U-unsplash-scaled-e1758878928351-300x300.jpg 300w, https:\/\/landing.lacledesalpes.com\/wp-content\/uploads\/2025\/09\/helena-lopes-QpjyqYy5R-U-unsplash-scaled-e1758878928351-1024x1024.jpg 1024w, https:\/\/landing.lacledesalpes.com\/wp-content\/uploads\/2025\/09\/helena-lopes-QpjyqYy5R-U-unsplash-scaled-e1758878928351-150x150.jpg 150w, https:\/\/landing.lacledesalpes.com\/wp-content\/uploads\/2025\/09\/helena-lopes-QpjyqYy5R-U-unsplash-scaled-e1758878928351-768x768.jpg 768w, https:\/\/landing.lacledesalpes.com\/wp-content\/uploads\/2025\/09\/helena-lopes-QpjyqYy5R-U-unsplash-scaled-e1758878928351-1536x1536.jpg 1536w, https:\/\/landing.lacledesalpes.com\/wp-content\/uploads\/2025\/09\/helena-lopes-QpjyqYy5R-U-unsplash-scaled-e1758878928351.jpg 1707w\" sizes=\"(max-width: 300px) 100vw, 300px\" \/><\/a><\/figure><div class=\"elementor-image-box-content\"><h4 class=\"elementor-image-box-title\"><a href=\"#\">Gestion accueil <br>et d\u00e9part<\/a><\/h4><\/div><\/div>\t\t\t\t<\/div>\n\t\t\t\t<div class=\"elementor-element elementor-element-0e29637 elementor-position-left elementor-vertical-align-middle elementor-widget__width-initial elementor-widget elementor-widget-image-box\" data-id=\"0e29637\" data-element_type=\"widget\" data-widget_type=\"image-box.default\">\n\t\t\t\t\t<div class=\"elementor-image-box-wrapper\"><figure class=\"elementor-image-box-img\"><a href=\"#\" tabindex=\"-1\"><img decoding=\"async\" width=\"300\" height=\"300\" src=\"https:\/\/landing.lacledesalpes.com\/wp-content\/uploads\/2025\/09\/pavan-trikutam-71CjSSB83Wo-unsplash-scaled-e1758878911718-300x300.jpg\" class=\"elementor-animation-grow attachment-medium size-medium wp-image-98\" alt=\"Conciergerie propri\u00e9taire Les Alpes\" srcset=\"https:\/\/landing.lacledesalpes.com\/wp-content\/uploads\/2025\/09\/pavan-trikutam-71CjSSB83Wo-unsplash-scaled-e1758878911718-300x300.jpg 300w, https:\/\/landing.lacledesalpes.com\/wp-content\/uploads\/2025\/09\/pavan-trikutam-71CjSSB83Wo-unsplash-scaled-e1758878911718-1024x1024.jpg 1024w, https:\/\/landing.lacledesalpes.com\/wp-content\/uploads\/2025\/09\/pavan-trikutam-71CjSSB83Wo-unsplash-scaled-e1758878911718-150x150.jpg 150w, https:\/\/landing.lacledesalpes.com\/wp-content\/uploads\/2025\/09\/pavan-trikutam-71CjSSB83Wo-unsplash-scaled-e1758878911718-768x768.jpg 768w, https:\/\/landing.lacledesalpes.com\/wp-content\/uploads\/2025\/09\/pavan-trikutam-71CjSSB83Wo-unsplash-scaled-e1758878911718-1536x1536.jpg 1536w, https:\/\/landing.lacledesalpes.com\/wp-content\/uploads\/2025\/09\/pavan-trikutam-71CjSSB83Wo-unsplash-scaled-e1758878911718.jpg 1707w\" sizes=\"(max-width: 300px) 100vw, 300px\" \/><\/a><\/figure><div class=\"elementor-image-box-content\"><h4 class=\"elementor-image-box-title\"><a href=\"#\">Communication voyageurs <br>24\/24 ET 7\/7<\/a><\/h4><\/div><\/div>\t\t\t\t<\/div>\n\t\t\t\t<\/div>\n\t\t<div class=\"elementor-element elementor-element-2dd26d5 e-con-full e-flex e-con e-child\" data-id=\"2dd26d5\" data-element_type=\"container\">\n\t\t\t\t<div class=\"elementor-element elementor-element-e22e5ba elementor-position-left elementor-vertical-align-middle elementor-widget__width-initial elementor-widget elementor-widget-image-box\" data-id=\"e22e5ba\" data-element_type=\"widget\" data-widget_type=\"image-box.default\">\n\t\t\t\t\t<div class=\"elementor-image-box-wrapper\"><figure class=\"elementor-image-box-img\"><a href=\"#\" tabindex=\"-1\"><img decoding=\"async\" width=\"300\" height=\"300\" src=\"https:\/\/landing.lacledesalpes.com\/wp-content\/uploads\/2025\/09\/markus-winkler-92HqQ0ZvKDA-unsplash-scaled-e1758878888327-300x300.jpg\" class=\"elementor-animation-grow attachment-medium size-medium wp-image-99\" alt=\"Conciergerie propri\u00e9taire Les Alpes\" srcset=\"https:\/\/landing.lacledesalpes.com\/wp-content\/uploads\/2025\/09\/markus-winkler-92HqQ0ZvKDA-unsplash-scaled-e1758878888327-300x300.jpg 300w, https:\/\/landing.lacledesalpes.com\/wp-content\/uploads\/2025\/09\/markus-winkler-92HqQ0ZvKDA-unsplash-scaled-e1758878888327-1024x1024.jpg 1024w, https:\/\/landing.lacledesalpes.com\/wp-content\/uploads\/2025\/09\/markus-winkler-92HqQ0ZvKDA-unsplash-scaled-e1758878888327-150x150.jpg 150w, https:\/\/landing.lacledesalpes.com\/wp-content\/uploads\/2025\/09\/markus-winkler-92HqQ0ZvKDA-unsplash-scaled-e1758878888327-768x768.jpg 768w, https:\/\/landing.lacledesalpes.com\/wp-content\/uploads\/2025\/09\/markus-winkler-92HqQ0ZvKDA-unsplash-scaled-e1758878888327-1536x1536.jpg 1536w, https:\/\/landing.lacledesalpes.com\/wp-content\/uploads\/2025\/09\/markus-winkler-92HqQ0ZvKDA-unsplash-scaled-e1758878888327.jpg 1707w\" sizes=\"(max-width: 300px) 100vw, 300px\" \/><\/a><\/figure><div class=\"elementor-image-box-content\"><h4 class=\"elementor-image-box-title\"><a href=\"#\">\ufeffGuide et instructions de votre logement<\/a><\/h4><\/div><\/div>\t\t\t\t<\/div>\n\t\t\t\t<div class=\"elementor-element elementor-element-1ad991a elementor-position-left elementor-vertical-align-middle elementor-widget__width-initial elementor-widget elementor-widget-image-box\" data-id=\"1ad991a\" data-element_type=\"widget\" data-widget_type=\"image-box.default\">\n\t\t\t\t\t<div class=\"elementor-image-box-wrapper\"><figure class=\"elementor-image-box-img\"><a href=\"#\" tabindex=\"-1\"><img loading=\"lazy\" decoding=\"async\" width=\"300\" height=\"300\" src=\"https:\/\/landing.lacledesalpes.com\/wp-content\/uploads\/2025\/09\/josue-michel-MwxsRSG1A2s-unsplash-scaled-e1758878872665-300x300.jpg\" class=\"elementor-animation-grow attachment-medium size-medium wp-image-100\" alt=\"Conciergerie propri\u00e9taire Les Alpes\" srcset=\"https:\/\/landing.lacledesalpes.com\/wp-content\/uploads\/2025\/09\/josue-michel-MwxsRSG1A2s-unsplash-scaled-e1758878872665-300x300.jpg 300w, https:\/\/landing.lacledesalpes.com\/wp-content\/uploads\/2025\/09\/josue-michel-MwxsRSG1A2s-unsplash-scaled-e1758878872665-1024x1024.jpg 1024w, https:\/\/landing.lacledesalpes.com\/wp-content\/uploads\/2025\/09\/josue-michel-MwxsRSG1A2s-unsplash-scaled-e1758878872665-150x150.jpg 150w, https:\/\/landing.lacledesalpes.com\/wp-content\/uploads\/2025\/09\/josue-michel-MwxsRSG1A2s-unsplash-scaled-e1758878872665-768x768.jpg 768w, https:\/\/landing.lacledesalpes.com\/wp-content\/uploads\/2025\/09\/josue-michel-MwxsRSG1A2s-unsplash-scaled-e1758878872665-1536x1536.jpg 1536w, https:\/\/landing.lacledesalpes.com\/wp-content\/uploads\/2025\/09\/josue-michel-MwxsRSG1A2s-unsplash-scaled-e1758878872665.jpg 1707w\" sizes=\"(max-width: 300px) 100vw, 300px\" \/><\/a><\/figure><div class=\"elementor-image-box-content\"><h4 class=\"elementor-image-box-title\"><a href=\"#\">\ufeffM\u00e9nage et mise en place<\/a><\/h4><\/div><\/div>\t\t\t\t<\/div>\n\t\t\t\t<\/div>\n\t\t<div class=\"elementor-element elementor-element-9f833af e-con-full e-flex e-con e-child\" data-id=\"9f833af\" data-element_type=\"container\">\n\t\t\t\t<div class=\"elementor-element elementor-element-0bb8d3c elementor-position-left elementor-vertical-align-middle elementor-widget__width-initial elementor-widget elementor-widget-image-box\" data-id=\"0bb8d3c\" data-element_type=\"widget\" data-widget_type=\"image-box.default\">\n\t\t\t\t\t<div class=\"elementor-image-box-wrapper\"><figure class=\"elementor-image-box-img\"><a href=\"#\" tabindex=\"-1\"><img loading=\"lazy\" decoding=\"async\" width=\"300\" height=\"300\" src=\"https:\/\/landing.lacledesalpes.com\/wp-content\/uploads\/2025\/09\/jeremy-sallee-lgrM1t4rxWQ-unsplash-scaled-e1758878830539-300x300.jpg\" class=\"elementor-animation-grow attachment-medium size-medium wp-image-101\" alt=\"Conciergerie propri\u00e9taire Les Alpes\" srcset=\"https:\/\/landing.lacledesalpes.com\/wp-content\/uploads\/2025\/09\/jeremy-sallee-lgrM1t4rxWQ-unsplash-scaled-e1758878830539-300x300.jpg 300w, https:\/\/landing.lacledesalpes.com\/wp-content\/uploads\/2025\/09\/jeremy-sallee-lgrM1t4rxWQ-unsplash-scaled-e1758878830539-1024x1024.jpg 1024w, https:\/\/landing.lacledesalpes.com\/wp-content\/uploads\/2025\/09\/jeremy-sallee-lgrM1t4rxWQ-unsplash-scaled-e1758878830539-150x150.jpg 150w, https:\/\/landing.lacledesalpes.com\/wp-content\/uploads\/2025\/09\/jeremy-sallee-lgrM1t4rxWQ-unsplash-scaled-e1758878830539-768x768.jpg 768w, https:\/\/landing.lacledesalpes.com\/wp-content\/uploads\/2025\/09\/jeremy-sallee-lgrM1t4rxWQ-unsplash-scaled-e1758878830539-1536x1536.jpg 1536w, https:\/\/landing.lacledesalpes.com\/wp-content\/uploads\/2025\/09\/jeremy-sallee-lgrM1t4rxWQ-unsplash-scaled-e1758878830539.jpg 1706w\" sizes=\"(max-width: 300px) 100vw, 300px\" \/><\/a><\/figure><div class=\"elementor-image-box-content\"><h4 class=\"elementor-image-box-title\"><a href=\"#\">\ufeffPossibilit\u00e9 de blanchisserie<\/a><\/h4><\/div><\/div>\t\t\t\t<\/div>\n\t\t\t\t<div class=\"elementor-element elementor-element-10bc1b0 elementor-position-left elementor-vertical-align-middle elementor-widget__width-initial elementor-widget elementor-widget-image-box\" data-id=\"10bc1b0\" data-element_type=\"widget\" data-widget_type=\"image-box.default\">\n\t\t\t\t\t<div class=\"elementor-image-box-wrapper\"><figure class=\"elementor-image-box-img\"><a href=\"#\" tabindex=\"-1\"><img loading=\"lazy\" decoding=\"async\" width=\"300\" height=\"300\" src=\"https:\/\/landing.lacledesalpes.com\/wp-content\/uploads\/2025\/09\/gavin-allanwood-qyY9iScMu6w-unsplash-scaled-e1758878774606-300x300.jpg\" class=\"elementor-animation-grow attachment-medium size-medium wp-image-102\" alt=\"Conciergerie propri\u00e9taire Les Alpes\" srcset=\"https:\/\/landing.lacledesalpes.com\/wp-content\/uploads\/2025\/09\/gavin-allanwood-qyY9iScMu6w-unsplash-scaled-e1758878774606-300x300.jpg 300w, https:\/\/landing.lacledesalpes.com\/wp-content\/uploads\/2025\/09\/gavin-allanwood-qyY9iScMu6w-unsplash-scaled-e1758878774606-1024x1024.jpg 1024w, https:\/\/landing.lacledesalpes.com\/wp-content\/uploads\/2025\/09\/gavin-allanwood-qyY9iScMu6w-unsplash-scaled-e1758878774606-150x150.jpg 150w, https:\/\/landing.lacledesalpes.com\/wp-content\/uploads\/2025\/09\/gavin-allanwood-qyY9iScMu6w-unsplash-scaled-e1758878774606-768x768.jpg 768w, https:\/\/landing.lacledesalpes.com\/wp-content\/uploads\/2025\/09\/gavin-allanwood-qyY9iScMu6w-unsplash-scaled-e1758878774606-1536x1536.jpg 1536w, https:\/\/landing.lacledesalpes.com\/wp-content\/uploads\/2025\/09\/gavin-allanwood-qyY9iScMu6w-unsplash-scaled-e1758878774606.jpg 1707w\" sizes=\"(max-width: 300px) 100vw, 300px\" \/><\/a><\/figure><div class=\"elementor-image-box-content\"><h4 class=\"elementor-image-box-title\"><a href=\"#\">\ufeffService, entretien et d\u00e9pannage<\/a><\/h4><\/div><\/div>\t\t\t\t<\/div>\n\t\t\t\t<\/div>\n\t\t\t\t<\/div>\n\t\t\t\t<\/div>\n\t\t<div class=\"elementor-element elementor-element-d0517ff e-con-full e-flex e-con e-parent\" data-id=\"d0517ff\" data-element_type=\"container\">\n\t\t<div class=\"elementor-element elementor-element-dcbed3f e-con-full e-flex e-con e-child\" data-id=\"dcbed3f\" data-element_type=\"container\" data-settings=\"{&quot;background_background&quot;:&quot;classic&quot;}\">\n\t\t\t\t<div class=\"elementor-element elementor-element-cd4cbc6 elementor-widget elementor-widget-heading\" data-id=\"cd4cbc6\" data-element_type=\"widget\" data-widget_type=\"heading.default\">\n\t\t\t\t\t<h3 class=\"elementor-heading-title elementor-size-default\">La Cl\u00e9 des Alpes<\/h3>\t\t\t\t<\/div>\n\t\t\t\t<div class=\"elementor-element elementor-element-38b3465 elementor-align-center elementor-widget elementor-widget-button\" data-id=\"38b3465\" data-element_type=\"widget\" data-widget_type=\"button.default\">\n\t\t\t\t\t\t\t\t\t\t<a class=\"elementor-button elementor-button-link elementor-size-sm\" href=\"https:\/\/landing.lacledesalpes.com\/\">\n\t\t\t\t\t\t<span class=\"elementor-button-content-wrapper\">\n\t\t\t\t\t\t\t\t\t<span class=\"elementor-button-text\">D\u00e9couvrir<\/span>\n\t\t\t\t\t<\/span>\n\t\t\t\t\t<\/a>\n\t\t\t\t\t\t\t\t<\/div>\n\t\t\t\t<\/div>\n\t\t\t\t<\/div>\n\t\t\t\t<\/div>\n\t\t","protected":false},"excerpt":{"rendered":"<p>La Cl\u00e9 des Alpes Nos services au propri\u00e9taires de logement dans les Alpes Nos Services Ce que nous faisons pour vous assurer une gestion de votre bien. Gestion accueil et d\u00e9part Communication voyageurs 24\/24 ET 7\/7 \ufeffGuide et instructions de votre logement \ufeffM\u00e9nage et mise en place \ufeffPossibilit\u00e9 de blanchisserie \ufeffService, entretien et d\u00e9pannage La [&hellip;]<\/p>\n","protected":false},"author":1,"featured_media":0,"parent":0,"menu_order":0,"comment_status":"closed","ping_status":"closed","template":"","meta":{"footnotes":""},"class_list":["post-91","page","type-page","status-publish","hentry"],"yoast_head":"<!-- This site is optimized with the Yoast SEO plugin v26.0 - https:\/\/yoast.com\/wordpress\/plugins\/seo\/ -->\n<title>Nos services - La Cl\u00e9 des Alpes<\/title>\n<meta name=\"robots\" content=\"index, follow, max-snippet:-1, max-image-preview:large, max-video-preview:-1\" \/>\n<link rel=\"canonical\" href=\"https:\/\/landing.lacledesalpes.com\/index.php\/nos-services\/\" \/>\n<meta property=\"og:locale\" content=\"fr_FR\" \/>\n<meta property=\"og:type\" content=\"article\" \/>\n<meta property=\"og:title\" content=\"Nos services - La Cl\u00e9 des Alpes\" \/>\n<meta property=\"og:description\" content=\"La Cl\u00e9 des Alpes Nos services au propri\u00e9taires de logement dans les Alpes Nos Services Ce que nous faisons pour vous assurer une gestion de votre bien. Gestion accueil et d\u00e9part Communication voyageurs 24\/24 ET 7\/7 \ufeffGuide et instructions de votre logement \ufeffM\u00e9nage et mise en place \ufeffPossibilit\u00e9 de blanchisserie \ufeffService, entretien et d\u00e9pannage La [&hellip;]\" \/>\n<meta property=\"og:url\" content=\"https:\/\/landing.lacledesalpes.com\/index.php\/nos-services\/\" \/>\n<meta property=\"og:site_name\" content=\"La Cl\u00e9 des Alpes\" \/>\n<meta property=\"article:modified_time\" content=\"2025-09-26T09:37:35+00:00\" \/>\n<meta property=\"og:image\" content=\"https:\/\/landing.lacledesalpes.com\/wp-content\/uploads\/2025\/09\/helena-lopes-QpjyqYy5R-U-unsplash-scaled-e1758878928351.jpg\" \/>\n\t<meta property=\"og:image:width\" content=\"1707\" \/>\n\t<meta property=\"og:image:height\" content=\"1707\" \/>\n\t<meta property=\"og:image:type\" content=\"image\/jpeg\" \/>\n<meta name=\"twitter:card\" content=\"summary_large_image\" \/>\n<meta name=\"twitter:label1\" content=\"Dur\u00e9e de lecture estim\u00e9e\" \/>\n\t<meta name=\"twitter:data1\" content=\"2 minutes\" \/>\n<script type=\"application\/ld+json\" class=\"yoast-schema-graph\">{\"@context\":\"https:\/\/schema.org\",\"@graph\":[{\"@type\":\"WebPage\",\"@id\":\"https:\/\/landing.lacledesalpes.com\/index.php\/nos-services\/\",\"url\":\"https:\/\/landing.lacledesalpes.com\/index.php\/nos-services\/\",\"name\":\"Nos services - La Cl\u00e9 des Alpes\",\"isPartOf\":{\"@id\":\"https:\/\/landing.lacledesalpes.com\/#website\"},\"primaryImageOfPage\":{\"@id\":\"https:\/\/landing.lacledesalpes.com\/index.php\/nos-services\/#primaryimage\"},\"image\":{\"@id\":\"https:\/\/landing.lacledesalpes.com\/index.php\/nos-services\/#primaryimage\"},\"thumbnailUrl\":\"http:\/\/landing.lacledesalpes.com\/wp-content\/uploads\/2025\/09\/helena-lopes-QpjyqYy5R-U-unsplash-scaled-e1758878928351-300x300.jpg\",\"datePublished\":\"2025-09-26T09:21:54+00:00\",\"dateModified\":\"2025-09-26T09:37:35+00:00\",\"breadcrumb\":{\"@id\":\"https:\/\/landing.lacledesalpes.com\/index.php\/nos-services\/#breadcrumb\"},\"inLanguage\":\"fr-FR\",\"potentialAction\":[{\"@type\":\"ReadAction\",\"target\":[\"https:\/\/landing.lacledesalpes.com\/index.php\/nos-services\/\"]}]},{\"@type\":\"ImageObject\",\"inLanguage\":\"fr-FR\",\"@id\":\"https:\/\/landing.lacledesalpes.com\/index.php\/nos-services\/#primaryimage\",\"url\":\"https:\/\/landing.lacledesalpes.com\/wp-content\/uploads\/2025\/09\/helena-lopes-QpjyqYy5R-U-unsplash-scaled-e1758878928351.jpg\",\"contentUrl\":\"https:\/\/landing.lacledesalpes.com\/wp-content\/uploads\/2025\/09\/helena-lopes-QpjyqYy5R-U-unsplash-scaled-e1758878928351.jpg\",\"width\":1707,\"height\":1707,\"caption\":\"Conciergerie propri\u00e9taire Les Alpes\"},{\"@type\":\"BreadcrumbList\",\"@id\":\"https:\/\/landing.lacledesalpes.com\/index.php\/nos-services\/#breadcrumb\",\"itemListElement\":[{\"@type\":\"ListItem\",\"position\":1,\"name\":\"Accueil\",\"item\":\"https:\/\/landing.lacledesalpes.com\/\"},{\"@type\":\"ListItem\",\"position\":2,\"name\":\"Nos services\"}]},{\"@type\":\"WebSite\",\"@id\":\"https:\/\/landing.lacledesalpes.com\/#website\",\"url\":\"https:\/\/landing.lacledesalpes.com\/\",\"name\":\"La Cl\u00e9 des Alpes\",\"description\":\"Conciergerie la Plagne\",\"publisher\":{\"@id\":\"https:\/\/landing.lacledesalpes.com\/#organization\"},\"potentialAction\":[{\"@type\":\"SearchAction\",\"target\":{\"@type\":\"EntryPoint\",\"urlTemplate\":\"https:\/\/landing.lacledesalpes.com\/?s={search_term_string}\"},\"query-input\":{\"@type\":\"PropertyValueSpecification\",\"valueRequired\":true,\"valueName\":\"search_term_string\"}}],\"inLanguage\":\"fr-FR\"},{\"@type\":\"Organization\",\"@id\":\"https:\/\/landing.lacledesalpes.com\/#organization\",\"name\":\"La Cl\u00e9 des Alpes\",\"url\":\"https:\/\/landing.lacledesalpes.com\/\",\"logo\":{\"@type\":\"ImageObject\",\"inLanguage\":\"fr-FR\",\"@id\":\"https:\/\/landing.lacledesalpes.com\/#\/schema\/logo\/image\/\",\"url\":\"https:\/\/landing.lacledesalpes.com\/wp-content\/uploads\/2025\/09\/Logo-Cles-des-alpes.png\",\"contentUrl\":\"https:\/\/landing.lacledesalpes.com\/wp-content\/uploads\/2025\/09\/Logo-Cles-des-alpes.png\",\"width\":251,\"height\":251,\"caption\":\"La Cl\u00e9 des Alpes\"},\"image\":{\"@id\":\"https:\/\/landing.lacledesalpes.com\/#\/schema\/logo\/image\/\"}}]}<\/script>\n<!-- \/ Yoast SEO plugin. -->","yoast_head_json":{"title":"Nos services - La Cl\u00e9 des Alpes","robots":{"index":"index","follow":"follow","max-snippet":"max-snippet:-1","max-image-preview":"max-image-preview:large","max-video-preview":"max-video-preview:-1"},"canonical":"https:\/\/landing.lacledesalpes.com\/index.php\/nos-services\/","og_locale":"fr_FR","og_type":"article","og_title":"Nos services - La Cl\u00e9 des Alpes","og_description":"La Cl\u00e9 des Alpes Nos services au propri\u00e9taires de logement dans les Alpes Nos Services Ce que nous faisons pour vous assurer une gestion de votre bien. Gestion accueil et d\u00e9part Communication voyageurs 24\/24 ET 7\/7 \ufeffGuide et instructions de votre logement \ufeffM\u00e9nage et mise en place \ufeffPossibilit\u00e9 de blanchisserie \ufeffService, entretien et d\u00e9pannage La [&hellip;]","og_url":"https:\/\/landing.lacledesalpes.com\/index.php\/nos-services\/","og_site_name":"La Cl\u00e9 des Alpes","article_modified_time":"2025-09-26T09:37:35+00:00","og_image":[{"width":1707,"height":1707,"url":"https:\/\/landing.lacledesalpes.com\/wp-content\/uploads\/2025\/09\/helena-lopes-QpjyqYy5R-U-unsplash-scaled-e1758878928351.jpg","type":"image\/jpeg"}],"twitter_card":"summary_large_image","twitter_misc":{"Dur\u00e9e de lecture estim\u00e9e":"2 minutes"},"schema":{"@context":"https:\/\/schema.org","@graph":[{"@type":"WebPage","@id":"https:\/\/landing.lacledesalpes.com\/index.php\/nos-services\/","url":"https:\/\/landing.lacledesalpes.com\/index.php\/nos-services\/","name":"Nos services - La Cl\u00e9 des Alpes","isPartOf":{"@id":"https:\/\/landing.lacledesalpes.com\/#website"},"primaryImageOfPage":{"@id":"https:\/\/landing.lacledesalpes.com\/index.php\/nos-services\/#primaryimage"},"image":{"@id":"https:\/\/landing.lacledesalpes.com\/index.php\/nos-services\/#primaryimage"},"thumbnailUrl":"http:\/\/landing.lacledesalpes.com\/wp-content\/uploads\/2025\/09\/helena-lopes-QpjyqYy5R-U-unsplash-scaled-e1758878928351-300x300.jpg","datePublished":"2025-09-26T09:21:54+00:00","dateModified":"2025-09-26T09:37:35+00:00","breadcrumb":{"@id":"https:\/\/landing.lacledesalpes.com\/index.php\/nos-services\/#breadcrumb"},"inLanguage":"fr-FR","potentialAction":[{"@type":"ReadAction","target":["https:\/\/landing.lacledesalpes.com\/index.php\/nos-services\/"]}]},{"@type":"ImageObject","inLanguage":"fr-FR","@id":"https:\/\/landing.lacledesalpes.com\/index.php\/nos-services\/#primaryimage","url":"https:\/\/landing.lacledesalpes.com\/wp-content\/uploads\/2025\/09\/helena-lopes-QpjyqYy5R-U-unsplash-scaled-e1758878928351.jpg","contentUrl":"https:\/\/landing.lacledesalpes.com\/wp-content\/uploads\/2025\/09\/helena-lopes-QpjyqYy5R-U-unsplash-scaled-e1758878928351.jpg","width":1707,"height":1707,"caption":"Conciergerie propri\u00e9taire Les Alpes"},{"@type":"BreadcrumbList","@id":"https:\/\/landing.lacledesalpes.com\/index.php\/nos-services\/#breadcrumb","itemListElement":[{"@type":"ListItem","position":1,"name":"Accueil","item":"https:\/\/landing.lacledesalpes.com\/"},{"@type":"ListItem","position":2,"name":"Nos services"}]},{"@type":"WebSite","@id":"https:\/\/landing.lacledesalpes.com\/#website","url":"https:\/\/landing.lacledesalpes.com\/","name":"La Cl\u00e9 des Alpes","description":"Conciergerie la Plagne","publisher":{"@id":"https:\/\/landing.lacledesalpes.com\/#organization"},"potentialAction":[{"@type":"SearchAction","target":{"@type":"EntryPoint","urlTemplate":"https:\/\/landing.lacledesalpes.com\/?s={search_term_string}"},"query-input":{"@type":"PropertyValueSpecification","valueRequired":true,"valueName":"search_term_string"}}],"inLanguage":"fr-FR"},{"@type":"Organization","@id":"https:\/\/landing.lacledesalpes.com\/#organization","name":"La Cl\u00e9 des Alpes","url":"https:\/\/landing.lacledesalpes.com\/","logo":{"@type":"ImageObject","inLanguage":"fr-FR","@id":"https:\/\/landing.lacledesalpes.com\/#\/schema\/logo\/image\/","url":"https:\/\/landing.lacledesalpes.com\/wp-content\/uploads\/2025\/09\/Logo-Cles-des-alpes.png","contentUrl":"https:\/\/landing.lacledesalpes.com\/wp-content\/uploads\/2025\/09\/Logo-Cles-des-alpes.png","width":251,"height":251,"caption":"La Cl\u00e9 des Alpes"},"image":{"@id":"https:\/\/landing.lacledesalpes.com\/#\/schema\/logo\/image\/"}}]}},"_links":{"self":[{"href":"https:\/\/landing.lacledesalpes.com\/index.php\/wp-json\/wp\/v2\/pages\/91","targetHints":{"allow":["GET"]}}],"collection":[{"href":"https:\/\/landing.lacledesalpes.com\/index.php\/wp-json\/wp\/v2\/pages"}],"about":[{"href":"https:\/\/landing.lacledesalpes.com\/index.php\/wp-json\/wp\/v2\/types\/page"}],"author":[{"embeddable":true,"href":"https:\/\/landing.lacledesalpes.com\/index.php\/wp-json\/wp\/v2\/users\/1"}],"replies":[{"embeddable":true,"href":"https:\/\/landing.lacledesalpes.com\/index.php\/wp-json\/wp\/v2\/comments?post=91"}],"version-history":[{"count":10,"href":"https:\/\/landing.lacledesalpes.com\/index.php\/wp-json\/wp\/v2\/pages\/91\/revisions"}],"predecessor-version":[{"id":111,"href":"https:\/\/landing.lacledesalpes.com\/index.php\/wp-json\/wp\/v2\/pages\/91\/revisions\/111"}],"wp:attachment":[{"href":"https:\/\/landing.lacledesalpes.com\/index.php\/wp-json\/wp\/v2\/media?parent=91"}],"curies":[{"name":"wp","href":"https:\/\/api.w.org\/{rel}","templated":true}]}}