{"id":15,"date":"2025-09-25T12:48:01","date_gmt":"2025-09-25T12:48:01","guid":{"rendered":"https:\/\/landing.lacledesalpes.com\/?page_id=15"},"modified":"2025-09-26T09:38:14","modified_gmt":"2025-09-26T09:38:14","slug":"conciergerie-la-plagne","status":"publish","type":"page","link":"https:\/\/landing.lacledesalpes.com\/","title":{"rendered":"Home"},"content":{"rendered":"\t\t<div data-elementor-type=\"wp-page\" data-elementor-id=\"15\" class=\"elementor elementor-15\">\n\t\t\t\t<div class=\"elementor-element elementor-element-79cbafe e-flex e-con-boxed e-con e-parent\" data-id=\"79cbafe\" data-element_type=\"container\" data-settings=\"{&quot;background_background&quot;:&quot;classic&quot;}\">\n\t\t\t\t\t<div class=\"e-con-inner\">\n\t\t\t\t<div class=\"elementor-element elementor-element-45e0c5cc elementor-widget elementor-widget-heading\" data-id=\"45e0c5cc\" data-element_type=\"widget\" data-widget_type=\"heading.default\">\n\t\t\t\t\t<h5 class=\"elementor-heading-title elementor-size-default\">-La Cl\u00e9 des alpes-<\/h5>\t\t\t\t<\/div>\n\t\t\t\t<div class=\"elementor-element elementor-element-6f4cdabc elementor-widget elementor-widget-heading\" data-id=\"6f4cdabc\" data-element_type=\"widget\" data-widget_type=\"heading.default\">\n\t\t\t\t\t<h1 class=\"elementor-heading-title elementor-size-default\">Conciergerie<br>Les Alpes<br>Gestion locative<\/h1>\t\t\t\t<\/div>\n\t\t\t\t<div class=\"elementor-element elementor-element-15805a68 elementor-align-center elementor-widget elementor-widget-button\" data-id=\"15805a68\" data-element_type=\"widget\" data-widget_type=\"button.default\">\n\t\t\t\t\t\t\t\t\t\t<a class=\"elementor-button elementor-button-link elementor-size-sm\" href=\"https:\/\/landing.lacledesalpes.com\/index.php\/nos-services\/\">\n\t\t\t\t\t\t<span class=\"elementor-button-content-wrapper\">\n\t\t\t\t\t\t\t\t\t<span class=\"elementor-button-text\">D\u00e9couvrir nos services<\/span>\n\t\t\t\t\t<\/span>\n\t\t\t\t\t<\/a>\n\t\t\t\t\t\t\t\t<\/div>\n\t\t\t\t\t<\/div>\n\t\t\t\t<\/div>\n\t\t<div class=\"elementor-element elementor-element-e0e53c5 e-con-full e-flex e-con e-parent\" data-id=\"e0e53c5\" data-element_type=\"container\" data-settings=\"{&quot;background_background&quot;:&quot;classic&quot;}\">\n\t\t<div class=\"elementor-element elementor-element-4642d798 e-con-full e-flex e-con e-child\" data-id=\"4642d798\" data-element_type=\"container\">\n\t\t\t\t<div class=\"elementor-element elementor-element-69d9dbc6 elementor-widget elementor-widget-image\" data-id=\"69d9dbc6\" data-element_type=\"widget\" data-widget_type=\"image.default\">\n\t\t\t\t\t\t\t\t\t\t\t\t\t\t\t<img decoding=\"async\" src=\"https:\/\/images.unsplash.com\/photo-1649161992932-2bb759b727d4?q=80&#038;w=1470&#038;auto=format&#038;fit=crop&#038;ixlib=rb-4.1.0&#038;ixid=M3wxMjA3fDB8MHxwaG90by1wYWdlfHx8fGVufDB8fHx8fA%3D%3D\" title=\"\" alt=\"Conciergerie La Plagne\" loading=\"lazy\" \/>\t\t\t\t\t\t\t\t\t\t\t\t\t\t\t<\/div>\n\t\t\t\t<\/div>\n\t\t<div class=\"elementor-element elementor-element-301109c3 e-con-full e-flex e-con e-child\" data-id=\"301109c3\" data-element_type=\"container\">\n\t\t\t\t<div class=\"elementor-element elementor-element-64590b73 elementor-widget elementor-widget-heading\" data-id=\"64590b73\" data-element_type=\"widget\" data-widget_type=\"heading.default\">\n\t\t\t\t\t<h2 class=\"elementor-heading-title elementor-size-default\">La Cl\u00e9 des Alpes<\/h2>\t\t\t\t<\/div>\n\t\t\t\t<div class=\"elementor-element elementor-element-6424fd6a elementor-widget elementor-widget-text-editor\" data-id=\"6424fd6a\" data-element_type=\"widget\" data-widget_type=\"text-editor.default\">\n\t\t\t\t\t\t\t\t\t<p>Bienvenue sur <strong data-start=\"29\" data-end=\"49\">La cl\u00e9s de Alpes<\/strong>, votre conciergerie\u00a0dans les <strong data-start=\"98\" data-end=\"107\">Alpes<\/strong>. Nous simplifions vos s\u00e9jours et la <strong data-start=\"144\" data-end=\"164\">gestion locative<\/strong> de vos biens avec un accompagnement clair, r\u00e9actif et <strong data-start=\"219\" data-end=\"236\">cl\u00e9s en mains<\/strong>.\u00a0<\/p><p>Ici, notre \u00e9quipe locale s\u00e9lectionne des adresses confortables, bien situ\u00e9es et parfaitement entretenues. Mais aussi, elle orchestre tous les d\u00e9tails qui font la diff\u00e9rence : accueil soign\u00e9, linge h\u00f4telier, m\u00e9nage professionnel, recommandations utiles et assistance rapide en cas d\u2019impr\u00e9vu.\u00a0<\/p><p>En effet, propri\u00e9taires ou voyageurs, vous gardez l\u2019esprit l\u00e9ger ; nous nous chargeons du reste. Chez nous l&rsquo;approche est simple : peu de blabla, beaucoup d\u2019attention, des process carr\u00e9s et une exigence constante sur la qualit\u00e9.\u00a0<\/p><p><i>R\u00e9sultat : des s\u00e9jours plus fluides pour les invit\u00e9s et une exploitation plus sereine et rentable pour les propri\u00e9taires dans <b>les Alpes\u00a0<\/b>et dans les lieux voisins.<\/i><\/p>\t\t\t\t\t\t\t\t<\/div>\n\t\t\t\t<\/div>\n\t\t\t\t<\/div>\n\t\t<div class=\"elementor-element elementor-element-bc5db43 e-con-full e-flex e-con e-parent\" data-id=\"bc5db43\" data-element_type=\"container\" data-settings=\"{&quot;background_background&quot;:&quot;classic&quot;}\">\n\t\t<div class=\"elementor-element elementor-element-2b4a307a e-con-full e-flex e-con e-child\" data-id=\"2b4a307a\" data-element_type=\"container\">\n\t\t\t\t<div class=\"elementor-element elementor-element-1b93c7b4 elementor-widget elementor-widget-heading\" data-id=\"1b93c7b4\" data-element_type=\"widget\" data-widget_type=\"heading.default\">\n\t\t\t\t\t<h3 class=\"elementor-heading-title elementor-size-default\">Voyageur dans les Alpes<\/h3>\t\t\t\t<\/div>\n\t\t\t\t<div class=\"elementor-element elementor-element-51463c3 elementor-widget elementor-widget-text-editor\" data-id=\"51463c3\" data-element_type=\"widget\" data-widget_type=\"text-editor.default\">\n\t\t\t\t\t\t\t\t\t<p><strong>Vous venez skier, randonner ou vous d\u00e9tendre ?<\/strong><\/p><p>Alors, notre <strong data-start=\"968\" data-end=\"984\">conciergerie<\/strong> vous accueille dans les Alpes\u00a0avec une <b>exp\u00e9rience pratique et chaleureuse<\/b>.<\/p><p>Pour que votre arriv\u00e9e soit parfaite, nous pr\u00e9parons le logement. Ainsi, \u00e0 votre arriv\u00e9e, remise des cl\u00e9s, conseils de quartier et petites attentions sont \u00e0 votre dispositions. Pendant le s\u00e9jour, nous restons disponibles pour tout conseil, besoin mat\u00e9riel, transfert, recommandation : une balade panoramique, une activit\u00e9, un restaurant ou un service.\u00a0<\/p><p><i>L\u2019objectif : un s\u00e9jour simple, confortable et bien pens\u00e9, au c\u0153ur des <strong data-start=\"1446\" data-end=\"1455\">Alpes<\/strong>, avec la souplesse et l\u2019intimit\u00e9 d\u2019un chez-vous.<\/i><\/p>\t\t\t\t\t\t\t\t<\/div>\n\t\t\t\t<\/div>\n\t\t<div class=\"elementor-element elementor-element-5fe26987 e-con-full e-flex e-con e-child\" data-id=\"5fe26987\" data-element_type=\"container\">\n\t\t\t\t<div class=\"elementor-element elementor-element-314cd7f1 elementor-widget elementor-widget-image\" data-id=\"314cd7f1\" data-element_type=\"widget\" data-widget_type=\"image.default\">\n\t\t\t\t\t\t\t\t\t\t\t\t\t\t\t<img decoding=\"async\" src=\"https:\/\/images.unsplash.com\/photo-1681394344979-afa9b18064be?q=80&#038;w=1074&#038;auto=format&#038;fit=crop&#038;ixlib=rb-4.1.0&#038;ixid=M3wxMjA3fDB8MHxwaG90by1wYWdlfHx8fGVufDB8fHx8fA%3D%3D\" title=\"\" alt=\"Conciergerie La Plagne\" loading=\"lazy\" \/>\t\t\t\t\t\t\t\t\t\t\t\t\t\t\t<\/div>\n\t\t\t\t<\/div>\n\t\t\t\t<\/div>\n\t\t<div class=\"elementor-element elementor-element-61f1d513 e-con-full e-flex e-con e-parent\" data-id=\"61f1d513\" data-element_type=\"container\" data-settings=\"{&quot;background_background&quot;:&quot;classic&quot;}\">\n\t\t<div class=\"elementor-element elementor-element-1dc31b6 e-con-full e-flex e-con e-child\" data-id=\"1dc31b6\" data-element_type=\"container\">\n\t\t\t\t<div class=\"elementor-element elementor-element-2bf91288 elementor-widget elementor-widget-heading\" data-id=\"2bf91288\" data-element_type=\"widget\" data-widget_type=\"heading.default\">\n\t\t\t\t\t<h3 class=\"elementor-heading-title elementor-size-default\">Propri\u00e9taire dans les Alpes<span style=\"letter-spacing: 0px\"><\/span><br><\/h3>\t\t\t\t<\/div>\n\t\t\t\t<div class=\"elementor-element elementor-element-2d82f2bf elementor-widget elementor-widget-text-editor\" data-id=\"2d82f2bf\" data-element_type=\"widget\" data-widget_type=\"text-editor.default\">\n\t\t\t\t\t\t\t\t\t<p><b>Vous poss\u00e9dez un appartement ou un chalet \u00e0 <span data-start=\"1575\" data-end=\"1588\">dans les Alpes<\/span>\u00a0?\u00a0<\/b><\/p><p>Nous proposons une <strong data-start=\"1610\" data-end=\"1630\">gestion locative<\/strong> compl\u00e8te et transparente : cr\u00e9ation d\u2019annonce, shooting, tarification, calendrier, m\u00e9nage, linge, maintenance et suivi des avis.\u00a0<\/p><p>Nous veillons \u00e0 la conformit\u00e9 locale et \u00e0 la protection du bien, tout en optimisant le taux d\u2019occupation et le revenu.\u00a0<\/p><p>Avec <strong data-start=\"1884\" data-end=\"1904\">La cl\u00e9s de Alpes<\/strong>, vous b\u00e9n\u00e9ficiez d\u2019une solution <strong data-start=\"1937\" data-end=\"1954\">cl\u00e9s en mains<\/strong>, d\u2019un interlocuteur unique et d\u2019indicateurs clairs pour piloter votre patrimoine \u00e0 distance, sereinement <strong data-start=\"2060\" data-end=\"2093\">au quotidien, tout simplement<\/strong>.<\/p>\t\t\t\t\t\t\t\t<\/div>\n\t\t\t\t<\/div>\n\t\t<div class=\"elementor-element elementor-element-625f3a3c e-con-full e-flex e-con e-child\" data-id=\"625f3a3c\" data-element_type=\"container\">\n\t\t\t\t<div class=\"elementor-element elementor-element-49afa1ed elementor-widget elementor-widget-image\" data-id=\"49afa1ed\" data-element_type=\"widget\" data-widget_type=\"image.default\">\n\t\t\t\t\t\t\t\t\t\t\t\t\t\t\t<img decoding=\"async\" src=\"https:\/\/images.unsplash.com\/photo-1700142571819-910da809254e?q=80&#038;w=1470&#038;auto=format&#038;fit=crop&#038;ixlib=rb-4.1.0&#038;ixid=M3wxMjA3fDB8MHxwaG90by1wYWdlfHx8fGVufDB8fHx8fA%3D%3D\" title=\"\" alt=\"Conciergerie La Plagne\" loading=\"lazy\" \/>\t\t\t\t\t\t\t\t\t\t\t\t\t\t\t<\/div>\n\t\t\t\t<\/div>\n\t\t\t\t<\/div>\n\t\t<div class=\"elementor-element elementor-element-30dea86b e-flex e-con-boxed e-con e-parent\" data-id=\"30dea86b\" data-element_type=\"container\" data-settings=\"{&quot;background_background&quot;:&quot;classic&quot;}\">\n\t\t\t\t\t<div class=\"e-con-inner\">\n\t\t\t\t<div class=\"elementor-element elementor-element-233965d4 elementor-widget elementor-widget-heading\" data-id=\"233965d4\" data-element_type=\"widget\" data-widget_type=\"heading.default\">\n\t\t\t\t\t<h3 class=\"elementor-heading-title elementor-size-default\">La Cl\u00e9 des Alpes<\/h3>\t\t\t\t<\/div>\n\t\t\t\t<div class=\"elementor-element elementor-element-01315bc elementor-align-center elementor-widget elementor-widget-button\" data-id=\"01315bc\" data-element_type=\"widget\" data-widget_type=\"button.default\">\n\t\t\t\t\t\t\t\t\t\t<a class=\"elementor-button elementor-button-link elementor-size-sm\" href=\"https:\/\/landing.lacledesalpes.com\/index.php\/nos-services\/\">\n\t\t\t\t\t\t<span class=\"elementor-button-content-wrapper\">\n\t\t\t\t\t\t\t\t\t<span class=\"elementor-button-text\">D\u00e9couvrir nos services<\/span>\n\t\t\t\t\t<\/span>\n\t\t\t\t\t<\/a>\n\t\t\t\t\t\t\t\t<\/div>\n\t\t\t\t\t<\/div>\n\t\t\t\t<\/div>\n\t\t\t\t<\/div>\n\t\t","protected":false},"excerpt":{"rendered":"<p>-La Cl\u00e9 des alpes- ConciergerieLes AlpesGestion locative D\u00e9couvrir nos services La Cl\u00e9 des Alpes Bienvenue sur La cl\u00e9s de Alpes, votre conciergerie\u00a0dans les Alpes. Nous simplifions vos s\u00e9jours et la gestion locative de vos biens avec un accompagnement clair, r\u00e9actif et cl\u00e9s en mains.\u00a0 Ici, notre \u00e9quipe locale s\u00e9lectionne des adresses confortables, bien situ\u00e9es et [&hellip;]<\/p>\n","protected":false},"author":1,"featured_media":0,"parent":0,"menu_order":0,"comment_status":"closed","ping_status":"closed","template":"","meta":{"footnotes":""},"class_list":["post-15","page","type-page","status-publish","hentry"],"yoast_head":"<!-- This site is optimized with the Yoast SEO plugin v26.0 - https:\/\/yoast.com\/wordpress\/plugins\/seo\/ -->\n<title>La Cl\u00e9 des Alpes - Conciergerie La Plagne<\/title>\n<meta name=\"description\" content=\"La cl\u00e9s de Alpes, votre conciergerie \u00e0 La Plagne. Nous simplifions s\u00e9jours et gestion locative avec un accompagnement cl\u00e9s en mains.\" \/>\n<meta name=\"robots\" content=\"index, follow, max-snippet:-1, max-image-preview:large, max-video-preview:-1\" \/>\n<link rel=\"canonical\" href=\"https:\/\/landing.lacledesalpes.com\/\" \/>\n<meta property=\"og:locale\" content=\"fr_FR\" \/>\n<meta property=\"og:type\" content=\"article\" \/>\n<meta property=\"og:title\" content=\"La Cl\u00e9 des Alpes - Conciergerie La Plagne\" \/>\n<meta property=\"og:description\" content=\"La cl\u00e9s de Alpes, votre conciergerie \u00e0 La Plagne. Nous simplifions s\u00e9jours et gestion locative avec un accompagnement cl\u00e9s en mains.\" \/>\n<meta property=\"og:url\" content=\"https:\/\/landing.lacledesalpes.com\/\" \/>\n<meta property=\"og:site_name\" content=\"La Cl\u00e9 des Alpes\" \/>\n<meta property=\"article:modified_time\" content=\"2025-09-26T09:38:14+00:00\" \/>\n<meta property=\"og:image\" content=\"https:\/\/images.unsplash.com\/photo-1649161992932-2bb759b727d4?q=80&#038;w=1470&#038;auto=format&#038;fit=crop&#038;ixlib=rb-4.1.0&#038;ixid=M3wxMjA3fDB8MHxwaG90by1wYWdlfHx8fGVufDB8fHx8fA%3D%3D\" \/>\n<meta name=\"twitter:card\" content=\"summary_large_image\" \/>\n<meta name=\"twitter:label1\" content=\"Dur\u00e9e de lecture estim\u00e9e\" \/>\n\t<meta name=\"twitter:data1\" content=\"2 minutes\" \/>\n<script type=\"application\/ld+json\" class=\"yoast-schema-graph\">{\"@context\":\"https:\/\/schema.org\",\"@graph\":[{\"@type\":\"WebPage\",\"@id\":\"https:\/\/landing.lacledesalpes.com\/\",\"url\":\"https:\/\/landing.lacledesalpes.com\/\",\"name\":\"La Cl\u00e9 des Alpes - Conciergerie La Plagne\",\"isPartOf\":{\"@id\":\"https:\/\/landing.lacledesalpes.com\/#website\"},\"primaryImageOfPage\":{\"@id\":\"https:\/\/landing.lacledesalpes.com\/#primaryimage\"},\"image\":{\"@id\":\"https:\/\/landing.lacledesalpes.com\/#primaryimage\"},\"thumbnailUrl\":\"https:\/\/images.unsplash.com\/photo-1649161992932-2bb759b727d4?q=80&#038;w=1470&#038;auto=format&#038;fit=crop&#038;ixlib=rb-4.1.0&#038;ixid=M3wxMjA3fDB8MHxwaG90by1wYWdlfHx8fGVufDB8fHx8fA%3D%3D\",\"datePublished\":\"2025-09-25T12:48:01+00:00\",\"dateModified\":\"2025-09-26T09:38:14+00:00\",\"description\":\"La cl\u00e9s de Alpes, votre conciergerie \u00e0 La Plagne. Nous simplifions s\u00e9jours et gestion locative avec un accompagnement cl\u00e9s en mains.\",\"breadcrumb\":{\"@id\":\"https:\/\/landing.lacledesalpes.com\/#breadcrumb\"},\"inLanguage\":\"fr-FR\",\"potentialAction\":[{\"@type\":\"ReadAction\",\"target\":[\"https:\/\/landing.lacledesalpes.com\/\"]}]},{\"@type\":\"ImageObject\",\"inLanguage\":\"fr-FR\",\"@id\":\"https:\/\/landing.lacledesalpes.com\/#primaryimage\",\"url\":\"https:\/\/images.unsplash.com\/photo-1649161992932-2bb759b727d4?q=80&#038;w=1470&#038;auto=format&#038;fit=crop&#038;ixlib=rb-4.1.0&#038;ixid=M3wxMjA3fDB8MHxwaG90by1wYWdlfHx8fGVufDB8fHx8fA%3D%3D\",\"contentUrl\":\"https:\/\/images.unsplash.com\/photo-1649161992932-2bb759b727d4?q=80&#038;w=1470&#038;auto=format&#038;fit=crop&#038;ixlib=rb-4.1.0&#038;ixid=M3wxMjA3fDB8MHxwaG90by1wYWdlfHx8fGVufDB8fHx8fA%3D%3D\"},{\"@type\":\"BreadcrumbList\",\"@id\":\"https:\/\/landing.lacledesalpes.com\/#breadcrumb\",\"itemListElement\":[{\"@type\":\"ListItem\",\"position\":1,\"name\":\"Accueil\",\"item\":\"https:\/\/landing.lacledesalpes.com\/\"},{\"@type\":\"ListItem\",\"position\":2,\"name\":\"Home\"}]},{\"@type\":\"WebSite\",\"@id\":\"https:\/\/landing.lacledesalpes.com\/#website\",\"url\":\"https:\/\/landing.lacledesalpes.com\/\",\"name\":\"La Cl\u00e9 des Alpes\",\"description\":\"Conciergerie la Plagne\",\"publisher\":{\"@id\":\"https:\/\/landing.lacledesalpes.com\/#organization\"},\"potentialAction\":[{\"@type\":\"SearchAction\",\"target\":{\"@type\":\"EntryPoint\",\"urlTemplate\":\"https:\/\/landing.lacledesalpes.com\/?s={search_term_string}\"},\"query-input\":{\"@type\":\"PropertyValueSpecification\",\"valueRequired\":true,\"valueName\":\"search_term_string\"}}],\"inLanguage\":\"fr-FR\"},{\"@type\":\"Organization\",\"@id\":\"https:\/\/landing.lacledesalpes.com\/#organization\",\"name\":\"La Cl\u00e9 des Alpes\",\"url\":\"https:\/\/landing.lacledesalpes.com\/\",\"logo\":{\"@type\":\"ImageObject\",\"inLanguage\":\"fr-FR\",\"@id\":\"https:\/\/landing.lacledesalpes.com\/#\/schema\/logo\/image\/\",\"url\":\"https:\/\/landing.lacledesalpes.com\/wp-content\/uploads\/2025\/09\/Logo-Cles-des-alpes.png\",\"contentUrl\":\"https:\/\/landing.lacledesalpes.com\/wp-content\/uploads\/2025\/09\/Logo-Cles-des-alpes.png\",\"width\":251,\"height\":251,\"caption\":\"La Cl\u00e9 des Alpes\"},\"image\":{\"@id\":\"https:\/\/landing.lacledesalpes.com\/#\/schema\/logo\/image\/\"}}]}<\/script>\n<!-- \/ Yoast SEO plugin. -->","yoast_head_json":{"title":"La Cl\u00e9 des Alpes - Conciergerie La Plagne","description":"La cl\u00e9s de Alpes, votre conciergerie \u00e0 La Plagne. Nous simplifions s\u00e9jours et gestion locative avec un accompagnement cl\u00e9s en mains.","robots":{"index":"index","follow":"follow","max-snippet":"max-snippet:-1","max-image-preview":"max-image-preview:large","max-video-preview":"max-video-preview:-1"},"canonical":"https:\/\/landing.lacledesalpes.com\/","og_locale":"fr_FR","og_type":"article","og_title":"La Cl\u00e9 des Alpes - Conciergerie La Plagne","og_description":"La cl\u00e9s de Alpes, votre conciergerie \u00e0 La Plagne. Nous simplifions s\u00e9jours et gestion locative avec un accompagnement cl\u00e9s en mains.","og_url":"https:\/\/landing.lacledesalpes.com\/","og_site_name":"La Cl\u00e9 des Alpes","article_modified_time":"2025-09-26T09:38:14+00:00","og_image":[{"url":"https:\/\/images.unsplash.com\/photo-1649161992932-2bb759b727d4?q=80&#038;w=1470&#038;auto=format&#038;fit=crop&#038;ixlib=rb-4.1.0&#038;ixid=M3wxMjA3fDB8MHxwaG90by1wYWdlfHx8fGVufDB8fHx8fA%3D%3D","type":"","width":"","height":""}],"twitter_card":"summary_large_image","twitter_misc":{"Dur\u00e9e de lecture estim\u00e9e":"2 minutes"},"schema":{"@context":"https:\/\/schema.org","@graph":[{"@type":"WebPage","@id":"https:\/\/landing.lacledesalpes.com\/","url":"https:\/\/landing.lacledesalpes.com\/","name":"La Cl\u00e9 des Alpes - Conciergerie La Plagne","isPartOf":{"@id":"https:\/\/landing.lacledesalpes.com\/#website"},"primaryImageOfPage":{"@id":"https:\/\/landing.lacledesalpes.com\/#primaryimage"},"image":{"@id":"https:\/\/landing.lacledesalpes.com\/#primaryimage"},"thumbnailUrl":"https:\/\/images.unsplash.com\/photo-1649161992932-2bb759b727d4?q=80&#038;w=1470&#038;auto=format&#038;fit=crop&#038;ixlib=rb-4.1.0&#038;ixid=M3wxMjA3fDB8MHxwaG90by1wYWdlfHx8fGVufDB8fHx8fA%3D%3D","datePublished":"2025-09-25T12:48:01+00:00","dateModified":"2025-09-26T09:38:14+00:00","description":"La cl\u00e9s de Alpes, votre conciergerie \u00e0 La Plagne. Nous simplifions s\u00e9jours et gestion locative avec un accompagnement cl\u00e9s en mains.","breadcrumb":{"@id":"https:\/\/landing.lacledesalpes.com\/#breadcrumb"},"inLanguage":"fr-FR","potentialAction":[{"@type":"ReadAction","target":["https:\/\/landing.lacledesalpes.com\/"]}]},{"@type":"ImageObject","inLanguage":"fr-FR","@id":"https:\/\/landing.lacledesalpes.com\/#primaryimage","url":"https:\/\/images.unsplash.com\/photo-1649161992932-2bb759b727d4?q=80&#038;w=1470&#038;auto=format&#038;fit=crop&#038;ixlib=rb-4.1.0&#038;ixid=M3wxMjA3fDB8MHxwaG90by1wYWdlfHx8fGVufDB8fHx8fA%3D%3D","contentUrl":"https:\/\/images.unsplash.com\/photo-1649161992932-2bb759b727d4?q=80&#038;w=1470&#038;auto=format&#038;fit=crop&#038;ixlib=rb-4.1.0&#038;ixid=M3wxMjA3fDB8MHxwaG90by1wYWdlfHx8fGVufDB8fHx8fA%3D%3D"},{"@type":"BreadcrumbList","@id":"https:\/\/landing.lacledesalpes.com\/#breadcrumb","itemListElement":[{"@type":"ListItem","position":1,"name":"Accueil","item":"https:\/\/landing.lacledesalpes.com\/"},{"@type":"ListItem","position":2,"name":"Home"}]},{"@type":"WebSite","@id":"https:\/\/landing.lacledesalpes.com\/#website","url":"https:\/\/landing.lacledesalpes.com\/","name":"La Cl\u00e9 des Alpes","description":"Conciergerie la Plagne","publisher":{"@id":"https:\/\/landing.lacledesalpes.com\/#organization"},"potentialAction":[{"@type":"SearchAction","target":{"@type":"EntryPoint","urlTemplate":"https:\/\/landing.lacledesalpes.com\/?s={search_term_string}"},"query-input":{"@type":"PropertyValueSpecification","valueRequired":true,"valueName":"search_term_string"}}],"inLanguage":"fr-FR"},{"@type":"Organization","@id":"https:\/\/landing.lacledesalpes.com\/#organization","name":"La Cl\u00e9 des Alpes","url":"https:\/\/landing.lacledesalpes.com\/","logo":{"@type":"ImageObject","inLanguage":"fr-FR","@id":"https:\/\/landing.lacledesalpes.com\/#\/schema\/logo\/image\/","url":"https:\/\/landing.lacledesalpes.com\/wp-content\/uploads\/2025\/09\/Logo-Cles-des-alpes.png","contentUrl":"https:\/\/landing.lacledesalpes.com\/wp-content\/uploads\/2025\/09\/Logo-Cles-des-alpes.png","width":251,"height":251,"caption":"La Cl\u00e9 des Alpes"},"image":{"@id":"https:\/\/landing.lacledesalpes.com\/#\/schema\/logo\/image\/"}}]}},"_links":{"self":[{"href":"https:\/\/landing.lacledesalpes.com\/index.php\/wp-json\/wp\/v2\/pages\/15","targetHints":{"allow":["GET"]}}],"collection":[{"href":"https:\/\/landing.lacledesalpes.com\/index.php\/wp-json\/wp\/v2\/pages"}],"about":[{"href":"https:\/\/landing.lacledesalpes.com\/index.php\/wp-json\/wp\/v2\/types\/page"}],"author":[{"embeddable":true,"href":"https:\/\/landing.lacledesalpes.com\/index.php\/wp-json\/wp\/v2\/users\/1"}],"replies":[{"embeddable":true,"href":"https:\/\/landing.lacledesalpes.com\/index.php\/wp-json\/wp\/v2\/comments?post=15"}],"version-history":[{"count":43,"href":"https:\/\/landing.lacledesalpes.com\/index.php\/wp-json\/wp\/v2\/pages\/15\/revisions"}],"predecessor-version":[{"id":114,"href":"https:\/\/landing.lacledesalpes.com\/index.php\/wp-json\/wp\/v2\/pages\/15\/revisions\/114"}],"wp:attachment":[{"href":"https:\/\/landing.lacledesalpes.com\/index.php\/wp-json\/wp\/v2\/media?parent=15"}],"curies":[{"name":"wp","href":"https:\/\/api.w.org\/{rel}","templated":true}]}}